{"id":28,"date":"2010-05-24T09:51:57","date_gmt":"2010-05-24T07:51:57","guid":{"rendered":"http:\/\/fleetrace.minarik.at\/?page_id=28"},"modified":"2010-05-24T09:53:23","modified_gmt":"2010-05-24T07:53:23","slug":"martins-regatta-bericht","status":"publish","type":"page","link":"http:\/\/fleetrace.minarik.at\/?page_id=28","title":{"rendered":"Martin&#8217;s Regatta Bericht"},"content":{"rendered":"<p>Aktuelle Info  zur letzten Regatta vom 12.August 2009:<br \/>\nvon Martin \u00a0: Anbei zur  Dokumentation und besonderen regattataktischen Auswertung der <a href=\"http:\/\/maps.google.com\/maps?q=http:\/\/fleetrace.minarik.at\/20090812RegattaWaldschach.kml\" target=\"_blank\">google earth  logfile.<\/a> Leider habe ich den Logger in der Hektik des dramatischen Starts erst wenige Zehntelsekunden nach dem Passieren der Startlinie in  Betrieb genommen. Zudem gut erkennbar die Kaperung und feindliche Boots\u00fcbernahme (Piraterie!) knapp vor der Ziellinie! Ebenso spektakul\u00e4r nat\u00fcrlich auch  der Kampf gegen die &#8211; tidenbedingte (?) &#8211; Str\u00f6mung beim Umrunden der letzten Boje&#8230;.<\/p>\n<p>Und ein Kommentar dazu von einem Mitsegler:<br \/>\nPiraten  auf dem Waldschacher, vielleicht bald auch eine Schlagzeile wert. Somalia l\u00e4\u00dft  gr\u00fc\u00dfen.<br \/>\nAber das Beispiel wird kaum Schule machen, da hierzulande Piraten sofort  mit dem letzten Platz bestraft werden, obwohl ja ganz offensichtlich das  durch feindl. \u00dcbernahme gekaperte Boot auch nicht durch Wind, schon gar nicht regul\u00e4r, aber sicher ausgeschlossen aus eigener Kraft das Ziel erreicht  haben konnte. Somit h\u00e4tte ebenfalls ein \u00a0DNF und die entsprechende Platzierung ein Zeichen der Gerechtigkeit in der ungerechten Welt von heute  bedeutet\u2026;o)<br \/>\nAber schon ob der drakonischen Bestrafung werden sich die Piraten in  Zukunft h\u00fcten. Statt dessen werden sie sich mit mehr Proviant, Wasser, Musik,  F\u00f6hns, Batterien zum Betreiben derselben eindecken, um Flauten, wie auch das  Erpressen von \u00a0L\u00f6sebiers\/Plazierungen l\u00e4nger durchhalten zu k\u00f6nnen\u2026<br \/>\nInteressant w\u00e4ren noch SOG min. und max. gewesen\u2026<\/p>\n","protected":false},"excerpt":{"rendered":"<p>Aktuelle Info zur letzten Regatta vom 12.August 2009: von Martin \u00a0: Anbei zur Dokumentation und besonderen regattataktischen Auswertung der google earth logfile. Leider habe ich den Logger in der Hektik des dramatischen Starts erst wenige Zehntelsekunden nach dem Passieren der Startlinie in Betrieb genommen. Zudem gut erkennbar die Kaperung und feindliche Boots\u00fcbernahme (Piraterie!) knapp vor [&hellip;]<\/p>\n","protected":false},"author":1,"featured_media":0,"parent":0,"menu_order":0,"comment_status":"open","ping_status":"open","template":"","meta":[],"_links":{"self":[{"href":"http:\/\/fleetrace.minarik.at\/index.php?rest_route=\/wp\/v2\/pages\/28"}],"collection":[{"href":"http:\/\/fleetrace.minarik.at\/index.php?rest_route=\/wp\/v2\/pages"}],"about":[{"href":"http:\/\/fleetrace.minarik.at\/index.php?rest_route=\/wp\/v2\/types\/page"}],"author":[{"embeddable":true,"href":"http:\/\/fleetrace.minarik.at\/index.php?rest_route=\/wp\/v2\/users\/1"}],"replies":[{"embeddable":true,"href":"http:\/\/fleetrace.minarik.at\/index.php?rest_route=%2Fwp%2Fv2%2Fcomments&post=28"}],"version-history":[{"count":2,"href":"http:\/\/fleetrace.minarik.at\/index.php?rest_route=\/wp\/v2\/pages\/28\/revisions"}],"predecessor-version":[{"id":29,"href":"http:\/\/fleetrace.minarik.at\/index.php?rest_route=\/wp\/v2\/pages\/28\/revisions\/29"}],"wp:attachment":[{"href":"http:\/\/fleetrace.minarik.at\/index.php?rest_route=%2Fwp%2Fv2%2Fmedia&parent=28"}],"curies":[{"name":"wp","href":"https:\/\/api.w.org\/{rel}","templated":true}]}}